{"id":10,"date":"2018-11-26T14:32:01","date_gmt":"2018-11-26T12:32:01","guid":{"rendered":"https:\/\/vatlakool.ee\/?page_id=10"},"modified":"2019-01-10T20:17:03","modified_gmt":"2019-01-10T18:17:03","slug":"contact","status":"publish","type":"page","link":"https:\/\/vatlakool.ee\/?page_id=10","title":{"rendered":"Kontakt"},"content":{"rendered":"<p>e-post : vili&#115;&#116;&#108;&#97;&#110;&#x65;&#x40;&#x76;&#x61;&#x74;&#x6c;&#x61;kool&#46;&#101;&#101;<\/p>\n<p>Aadress:<\/p>\n<p>MT\u00dc Vatla Kooli Vilistlane<\/p>\n<p>Vatla k\u00fcla<\/p>\n<p>L\u00e4\u00e4neranna vald<\/p>\n<p>P\u00e4rnumaa<\/p>\n<p>90103<\/p>\n","protected":false},"excerpt":{"rendered":"<p>e-post : &#118;&#x69;&#108;&#x69;&#115;&#x74;&#108;&#x61;&#110;&#x65;&#64;&#x76;a&#x74;l&#x61;k&#x6f;o&#x6c;&#46;&#x65;e Aadress: MT\u00dc Vatla Kooli Vilistlane Vatla k\u00fcla L\u00e4\u00e4neranna vald P\u00e4rnumaa 90103<\/p>\n","protected":false},"author":1,"featured_media":0,"parent":0,"menu_order":0,"comment_status":"closed","ping_status":"closed","template":"","meta":{"footnotes":""},"class_list":["post-10","page","type-page","status-publish","hentry"],"_links":{"self":[{"href":"https:\/\/vatlakool.ee\/index.php?rest_route=\/wp\/v2\/pages\/10","targetHints":{"allow":["GET"]}}],"collection":[{"href":"https:\/\/vatlakool.ee\/index.php?rest_route=\/wp\/v2\/pages"}],"about":[{"href":"https:\/\/vatlakool.ee\/index.php?rest_route=\/wp\/v2\/types\/page"}],"author":[{"embeddable":true,"href":"https:\/\/vatlakool.ee\/index.php?rest_route=\/wp\/v2\/users\/1"}],"replies":[{"embeddable":true,"href":"https:\/\/vatlakool.ee\/index.php?rest_route=%2Fwp%2Fv2%2Fcomments&post=10"}],"version-history":[{"count":3,"href":"https:\/\/vatlakool.ee\/index.php?rest_route=\/wp\/v2\/pages\/10\/revisions"}],"predecessor-version":[{"id":263,"href":"https:\/\/vatlakool.ee\/index.php?rest_route=\/wp\/v2\/pages\/10\/revisions\/263"}],"wp:attachment":[{"href":"https:\/\/vatlakool.ee\/index.php?rest_route=%2Fwp%2Fv2%2Fmedia&parent=10"}],"curies":[{"name":"wp","href":"https:\/\/api.w.org\/{rel}","templated":true}]}}