{"id":11,"date":"2018-11-26T14:32:01","date_gmt":"2018-11-26T12:32:01","guid":{"rendered":"https:\/\/vatlakool.ee\/?page_id=11"},"modified":"2022-05-26T11:34:05","modified_gmt":"2022-05-26T08:34:05","slug":"blog","status":"publish","type":"page","link":"https:\/\/vatlakool.ee\/?page_id=11","title":{"rendered":"MT\u00dc"},"content":{"rendered":"<p>Siin tutvustame teile MT\u00dc Vatla Kooli Vilistlane eesm\u00e4rke ja tegevusi<\/p>\n\n\n<h3 class=\"wp-block-heading\"><a href=\"https:\/\/vatlakool.ee\/?p=372\">Tegevuskava aastateks 2022-2023<\/a><\/h3>\n\n\n\n<figure class=\"wp-block-table\"><table><tbody><tr><td>Nimetus<\/td><td>Aeg<\/td><td>Rahastaja<\/td><\/tr><tr><td>Kooli ajaloo uurimine<\/td><td>2022-2023<\/td><td>VKV<\/td><\/tr><tr><td>M\u00e4lestuste kogumine<\/td><td>2022-2023<\/td><td>VKV<\/td><\/tr><tr><td>Projektide kirjutamine raamatu v\u00e4ljaandmise rahastamiseks<\/td><td>2022<\/td><td>VKV<\/td><\/tr><tr><td>Raamatu koostamine<\/td><td>2022-2023<\/td><td>VKV<\/td><\/tr><tr><td>Raamatu kirjastamine<\/td><td>2022-2023<\/td><td>VKV, vald, projektid<\/td><\/tr><tr><td>Raamatu tr\u00fckkimine<\/td><td>2023<\/td><td>VKV, vald, projektid<\/td><\/tr><tr><td>Vatla m\u00f5isa III korruse ruumide korras-tamine, s\u00e4ilinud materjalide ja vahendite sorteerimine<\/td><td>2022-2023<\/td><td>VKV<\/td><\/tr><\/tbody><\/table><figcaption>VKV \u2013 Vatla Kooli Vilistlane MT\u00dc<\/figcaption><\/figure>\n\n\n\n<p><\/p>\n","protected":false},"excerpt":{"rendered":"<p>Siin tutvustame teile MT\u00dc Vatla Kooli Vilistlane eesm\u00e4rke ja tegevusi Tegevuskava aastateks 2022-2023 Nimetus Aeg Rahastaja Kooli ajaloo uurimine 2022-2023 VKV M\u00e4lestuste kogumine 2022-2023 VKV Projektide kirjutamine raamatu v\u00e4ljaandmise rahastamiseks 2022 VKV Raamatu koostamine 2022-2023 VKV Raamatu kirjastamine 2022-2023 VKV, vald, projektid Raamatu tr\u00fckkimine 2023 VKV, vald, projektid Vatla m\u00f5isa III korruse ruumide korras-tamine, s\u00e4ilinud &hellip; <\/p>\n<p class=\"link-more\"><a href=\"https:\/\/vatlakool.ee\/?page_id=11\" class=\"more-link\">Continue reading<span class=\"screen-reader-text\"> &#8220;MT\u00dc&#8221;<\/span><\/a><\/p>\n","protected":false},"author":1,"featured_media":0,"parent":0,"menu_order":0,"comment_status":"closed","ping_status":"closed","template":"","meta":{"footnotes":""},"class_list":["post-11","page","type-page","status-publish","hentry"],"_links":{"self":[{"href":"https:\/\/vatlakool.ee\/index.php?rest_route=\/wp\/v2\/pages\/11","targetHints":{"allow":["GET"]}}],"collection":[{"href":"https:\/\/vatlakool.ee\/index.php?rest_route=\/wp\/v2\/pages"}],"about":[{"href":"https:\/\/vatlakool.ee\/index.php?rest_route=\/wp\/v2\/types\/page"}],"author":[{"embeddable":true,"href":"https:\/\/vatlakool.ee\/index.php?rest_route=\/wp\/v2\/users\/1"}],"replies":[{"embeddable":true,"href":"https:\/\/vatlakool.ee\/index.php?rest_route=%2Fwp%2Fv2%2Fcomments&post=11"}],"version-history":[{"count":6,"href":"https:\/\/vatlakool.ee\/index.php?rest_route=\/wp\/v2\/pages\/11\/revisions"}],"predecessor-version":[{"id":377,"href":"https:\/\/vatlakool.ee\/index.php?rest_route=\/wp\/v2\/pages\/11\/revisions\/377"}],"wp:attachment":[{"href":"https:\/\/vatlakool.ee\/index.php?rest_route=%2Fwp%2Fv2%2Fmedia&parent=11"}],"curies":[{"name":"wp","href":"https:\/\/api.w.org\/{rel}","templated":true}]}}