{"id":160,"date":"2018-12-04T17:05:23","date_gmt":"2018-12-04T15:05:23","guid":{"rendered":"https:\/\/vatlakool.ee\/?page_id=160"},"modified":"2018-12-04T18:31:31","modified_gmt":"2018-12-04T16:31:31","slug":"lennud-21-30-1947-1956","status":"publish","type":"page","link":"https:\/\/vatlakool.ee\/?page_id=160","title":{"rendered":"Lennud 21-30, 1947-1956"},"content":{"rendered":"<p><strong>Lend 21, 1947<\/strong><\/p>\n<p>Laanev\u00e4li, Kunnard<br \/>\nMerila, Aino<br \/>\nRihvk, Hella<br \/>\nTammemaa, Selma<br \/>\nTeearu, Johannes<br \/>\nVahter, Endel<\/p>\n<p><strong>Lend 22, 1948<\/strong><\/p>\n<p>Altm\u00e4e, Vaike<br \/>\nArdan, Aino<br \/>\nKeller, Marliivi<br \/>\nKreim, Ellen<br \/>\nM\u00e4rk, Harald<br \/>\nRuuskop, Vilma<br \/>\nVeltri, Ahto<br \/>\nV\u00e4ljakivi, Alma\u00e4<\/p>\n<p><strong>Lend 23, 1949<\/strong><\/p>\n<p>Hein, Arved<br \/>\nKuusalu, Eevi<br \/>\nLobjakas, Endel<br \/>\nLukk, P\u00e4ivi<br \/>\nNeidre, Aliide<br \/>\nOkapuu, Erni<br \/>\nOts, Ada<br \/>\nPikla, Heino<br \/>\nPoolgas, Heino<br \/>\nSipp, Elfriide<br \/>\nTeearu, Asta<br \/>\nVahar, \u00d5ie<\/p>\n<p><strong>Lend 24, 1950<\/strong><\/p>\n<p>Ardan, Elli<br \/>\nHein, Aleksander<br \/>\nKreim, Elvi<br \/>\nK\u00fctt, Elvi-Liidia<br \/>\nLahe, Helju<br \/>\nM\u00e4rk, Helmi<br \/>\nN\u00f5mmem\u00e4gi, Helgi<br \/>\nP\u00f5hako, Vambola<br \/>\nRahu, Endel<br \/>\nRistal, V\u00e4rdi<br \/>\nRuuskop, Elve<br \/>\nSiivelt, Sirje<br \/>\nTammsalu, \u00d5ie<br \/>\nTapp, Viktor<br \/>\nT\u00e4ht, Helju<br \/>\nVainu, Elvi<br \/>\nViikmann, Silvia<br \/>\n\u00d5ige, Silvi<\/p>\n<p><strong>Lend 25, 1951<\/strong><\/p>\n<p>Ehasalu, Kalju<br \/>\nKaptein, Vello<br \/>\nKreim, Maimu<br \/>\nLahe, Lehte<br \/>\nLiivam\u00e4gi, V\u00e4rdi<br \/>\nNaeris, Arnold<br \/>\nNeidre, August<br \/>\nOkapuu, Erna<br \/>\nRaudkivi, Vambola<br \/>\nRohi, Milvi<br \/>\nSiivelt, Tiit<br \/>\nVahar, \u00c4rni-Aleksander<br \/>\nVainu, Kalju<br \/>\nVeltri, Juta<br \/>\nVesker, Endel<\/p>\n<p><strong>Lend 26, 1952<\/strong><\/p>\n<p>Elmers, Loore<br \/>\nKaljuste, Eini<br \/>\nKesk\u00fcla, Liisa<br \/>\nKuusem\u00e4e, Enn<br \/>\nLahe, Liivi<br \/>\nLilleaed, Salme<br \/>\nPihelpuu, Arvo<br \/>\nPikla, Endla<br \/>\nP\u00e4rnpuu, Endel<br \/>\nRannala, Silvi<br \/>\nRaudkivi, Alfred<br \/>\nRistikivi, Sulev<br \/>\nTammsalu, Aivo<br \/>\nTool, Eino<br \/>\nValing, Vello<\/p>\n<p><strong>Lend 27, 1953<\/strong><\/p>\n<p>Allikas, Elju<br \/>\nAllikas, Mervalt<br \/>\nArdan, \u00dclo<br \/>\nLaev, Silvi<br \/>\nM\u00e4nd, Rein<br \/>\nM\u00e4rk, Vambola<br \/>\nP\u00f5hako, Endel<br \/>\nRihvk, Endel<br \/>\nTammsalu, Endel<br \/>\nValdmets, Linda<br \/>\nViikmaa, Mart<\/p>\n<p><strong>Lend 28, 1954<\/strong><\/p>\n<p>Ehasalu, Arno<br \/>\nEljandi, Elmo<br \/>\nElmers, Neeme<br \/>\nLaev, Eha<br \/>\nLobjakas, Vello<br \/>\nMerila, Anton<br \/>\nNaeris, Elvi<br \/>\nN\u00f5upuu, Ants<br \/>\nRoone, Jaan<br \/>\nSuu, Taali<br \/>\nTomingas, Kalju<br \/>\nT\u00e4ht, Eldur<br \/>\nVainu, Kalju<\/p>\n<p><strong>Lend 29, 1955<\/strong><\/p>\n<p>Lobjakas, Aarne<br \/>\nL\u00fcllmaa, Urve<br \/>\nM\u00e4nd, Maia<br \/>\nPihelpuu, Valve<br \/>\nTeearu, Helju<br \/>\nT\u00e4ht, Maimu<br \/>\nValdmets, Aino<br \/>\nVapper, Valdeku<br \/>\nVesker, Arno<br \/>\nViikmaa, Eino<\/p>\n<p><strong>Lend 30, 1956<\/strong><\/p>\n<p>Aav, Kaie<br \/>\nEljandi, Elgi<br \/>\nKannel, Ants<br \/>\nKohava, Milvi<br \/>\nLahe, Alje<br \/>\nLiivam\u00e4gi, Iili<br \/>\nM\u00e4ndla, Ants<br \/>\nPihelpuu, Vilve<br \/>\nPillpuu, Aino<br \/>\nRandmets, \u00d5ie<br \/>\nRannala, Aino<br \/>\nRistikivi, Silvi<br \/>\nRohi, Maire<br \/>\nSorts, Vello<br \/>\nSuu, Ilvi<br \/>\nTammemaa, Silvi<br \/>\nTamp\u00e4rg, Alje<br \/>\nVahar, Endel<br \/>\nValdmets,Ella<br \/>\nValing, Urve<br \/>\nVaske, Malle<br \/>\nVesker, Jaan<\/p>\n","protected":false},"excerpt":{"rendered":"<p>Lend 21, 1947 Laanev\u00e4li, Kunnard Merila, Aino Rihvk, Hella Tammemaa, Selma Teearu, Johannes Vahter, Endel Lend 22, 1948 Altm\u00e4e, Vaike Ardan, Aino Keller, Marliivi Kreim, Ellen M\u00e4rk, Harald Ruuskop, Vilma Veltri, Ahto V\u00e4ljakivi, Alma\u00e4 Lend 23, 1949 Hein, Arved Kuusalu, Eevi Lobjakas, Endel Lukk, P\u00e4ivi Neidre, Aliide Okapuu, Erni Ots, Ada Pikla, Heino Poolgas, Heino &hellip; <\/p>\n<p class=\"link-more\"><a href=\"https:\/\/vatlakool.ee\/?page_id=160\" class=\"more-link\">Continue reading<span class=\"screen-reader-text\"> &#8220;Lennud 21-30, 1947-1956&#8221;<\/span><\/a><\/p>\n","protected":false},"author":2,"featured_media":0,"parent":0,"menu_order":0,"comment_status":"closed","ping_status":"closed","template":"","meta":{"footnotes":""},"class_list":["post-160","page","type-page","status-publish","hentry"],"_links":{"self":[{"href":"https:\/\/vatlakool.ee\/index.php?rest_route=\/wp\/v2\/pages\/160","targetHints":{"allow":["GET"]}}],"collection":[{"href":"https:\/\/vatlakool.ee\/index.php?rest_route=\/wp\/v2\/pages"}],"about":[{"href":"https:\/\/vatlakool.ee\/index.php?rest_route=\/wp\/v2\/types\/page"}],"author":[{"embeddable":true,"href":"https:\/\/vatlakool.ee\/index.php?rest_route=\/wp\/v2\/users\/2"}],"replies":[{"embeddable":true,"href":"https:\/\/vatlakool.ee\/index.php?rest_route=%2Fwp%2Fv2%2Fcomments&post=160"}],"version-history":[{"count":3,"href":"https:\/\/vatlakool.ee\/index.php?rest_route=\/wp\/v2\/pages\/160\/revisions"}],"predecessor-version":[{"id":186,"href":"https:\/\/vatlakool.ee\/index.php?rest_route=\/wp\/v2\/pages\/160\/revisions\/186"}],"wp:attachment":[{"href":"https:\/\/vatlakool.ee\/index.php?rest_route=%2Fwp%2Fv2%2Fmedia&parent=160"}],"curies":[{"name":"wp","href":"https:\/\/api.w.org\/{rel}","templated":true}]}}