{"id":170,"date":"2018-12-04T18:21:22","date_gmt":"2018-12-04T16:21:22","guid":{"rendered":"https:\/\/vatlakool.ee\/?page_id=170"},"modified":"2021-01-25T22:46:28","modified_gmt":"2021-01-25T20:46:28","slug":"lennud-51-60-1978-1987","status":"publish","type":"page","link":"https:\/\/vatlakool.ee\/?page_id=170","title":{"rendered":"Lennud 51-60, 1978-1987"},"content":{"rendered":"<p><strong>Lend 51, 1978<\/strong><\/p>\n<p>Aas, M\u00e4rt<br \/>\nGrossfeldt, Kalmar<br \/>\nIlusmets, Merike<br \/>\nKaja, Kaido<br \/>\nKasemaa, Malle<br \/>\nKessel, Maie<br \/>\nN\u00f5upuu, Taimi<br \/>\nOjamaa, Eda<br \/>\nPeensalu, Marju<br \/>\nPeensalu, M\u00e4rt<br \/>\nPeters, Raivo<br \/>\nPihelgas, Avo<br \/>\nPihelgas, Ulvi<br \/>\nRaudkivi, Helmuth<br \/>\nP\u00f5hako,K\u00fclli<br \/>\nVainu, Arvi<br \/>\nVister, Eve<br \/>\n\u00d5uemaa, Arni<\/p>\n<p><strong>Lend 52, 1979<\/strong><\/p>\n<p>Elism\u00e4e, Peep<br \/>\nKesk\u00fcla, Margit<br \/>\nKuusek\u00e4nd, Aivo<br \/>\nLehtmets, Kuido<br \/>\nLeibur, Piret<br \/>\nLobjakas, Imbi<br \/>\nLobjakas, Ivar<br \/>\nM\u00e4ekivi, Margo<br \/>\nM\u00e4nd, Margus<br \/>\nNelis, Kaido<br \/>\nOjala, Toomas<br \/>\nOjamaa, Anti<br \/>\nOtskivi, Einar<br \/>\nPikla, Tarmo<br \/>\nPikp\u00f5ld, Mare<br \/>\nPuuri, Sirje<br \/>\nRiismaa, Anu<br \/>\nRing, Karin<br \/>\nRooman, Villem<br \/>\nSmirnov, Kuno<br \/>\nTein, Raivo<br \/>\nVaarmets, Tiit<br \/>\nVakker, Ivi<br \/>\n\u00d5uemaa, Kalle<\/p>\n<p><strong>Lend 53, 1980<\/strong><\/p>\n<p>Kesk\u00fcla, Kersti<br \/>\nKruus, Anne<br \/>\nKurgma, Katrin<br \/>\nLeidas, Viktor<br \/>\nLeilop, Jaanus<br \/>\nLobjakas, Ulvi<br \/>\nLuik, Jaan<br \/>\nNelis, Merike<br \/>\nOjala, Tiina<br \/>\nOtskivi, Ester<br \/>\nPaivel, Irina<br \/>\nPihelgas, Raul<br \/>\nP\u00f5hako, Moonika<br \/>\nRingma, Aivar<br \/>\nSalmisto, Aire<br \/>\n\u0160pakova, Erika<br \/>\nTent, Aleksei<br \/>\nValgenberg, Tarmo<br \/>\nVaino, Marje<br \/>\nVeskimeister, Jaanus<br \/>\nViil, Tiiu<br \/>\nUustalu, Valter<br \/>\n\u00d5ismets, Allar<\/p>\n<p><strong>Lend 54, 1981<\/strong><\/p>\n<p>Elism\u00e4e, Piret<br \/>\nElmers, K\u00fclli<br \/>\nKael, Toivo<br \/>\nJalakas, Marju<br \/>\nKaja, Kaie<br \/>\nKuusek\u00e4nd, Leie<br \/>\nLehtmets, Piia<br \/>\nPaivel, Raivo<br \/>\nLiivam\u00e4gi, Aime<br \/>\nLiivam\u00e4gi, Uudo<br \/>\nPikla, Urmas<br \/>\nRohi, Heli<br \/>\nSaar, Maarika<br \/>\nSaatm\u00e4e, \u00dclle<br \/>\nSirelbu, Heiki<br \/>\nTein, Reet<br \/>\nVainu, Ulvi<br \/>\nVare, Ly<br \/>\nViita, \u00dclo<br \/>\nR\u00e4\u00e4k, Marika<br \/>\nVestli, Tiia<\/p>\n<p><strong>Lend 55, 1982<\/strong><\/p>\n<p>Elism\u00e4e, Maret<br \/>\nKaptein, Katri<br \/>\nKaptein, Marianne<br \/>\nKasemaa, Kalle<br \/>\nKustova, Valentina<br \/>\nLaurim\u00e4e, Andres<br \/>\nLeilop, Maiu<br \/>\nMaidla, Tiit<br \/>\nM\u00e4ekivi, Marge<br \/>\nM\u00e4nd, Mart<br \/>\nPihelgas, Anneli<br \/>\nP\u00e4rnpuu, Jaan<br \/>\nRoosipuu, Laivi<br \/>\nSaatm\u00e4e, Aivar<br \/>\n\u0160pakova, Elina<br \/>\nTammeniit, Alar<br \/>\nVesker, V\u00e4ino<br \/>\nVeskimeister, \u00dclle<br \/>\nViikmaa, Eve<\/p>\n<p><strong>Lend 56, 1983<\/strong><\/p>\n<p>Kipper, Terje<br \/>\nKuusek\u00e4nd, Varje<br \/>\nLinn, Taavi<br \/>\nLobjakas, Laur<br \/>\nM\u00e4nd, Andres<br \/>\nM\u00e4nnilaan, Aare<br \/>\nOja, Arne<br \/>\nOrulepa, Hele-Liis<br \/>\nPillpuu, Kaire<br \/>\nP\u00f5hako, Aule<br \/>\nP\u00e4rnpuu, Anneli<br \/>\nRoomann, Otto<br \/>\nS\u00e4de, Viivi<br \/>\nVaino, Marju<br \/>\nVare, Terje<br \/>\nViikmaa, Maire<br \/>\nViikmann, Eino<\/p>\n<p><strong>Lend 57, 1984<\/strong><\/p>\n<p>Elism\u00e4e, Mae<br \/>\nHeilu, Ly<br \/>\nJ\u00f5hvik, Anneli<br \/>\nKaptein, K\u00fclli<br \/>\nKivisalu, Velle<br \/>\nKohava, Margo<br \/>\nKustov, Viktor<br \/>\nKuusemaa, Laivi<br \/>\nLiik, Tiiu<br \/>\nPillpuu, Kersti<br \/>\nRaja, Veiko<br \/>\nReeder, Toomas<br \/>\nSaatm\u00e4e, J\u00fcri<br \/>\nVaher, Maile<br \/>\nValgenberg, Toivo<br \/>\nVare, Argo<\/p>\n<p><strong>Lend 58, 1985<\/strong><\/p>\n<p>Eljandi, Anneli<br \/>\nHeinmaa, Sigrid<br \/>\nHeinmaa, Ulvi<br \/>\nLehtmets, Siiri<br \/>\nLobjakas, Ly<br \/>\nLuik, Guido<br \/>\nP\u00e4rnpuu, Ene<br \/>\nP\u00e4rnpuu, Raul<br \/>\nRistikivi, Piia<br \/>\nVaino, Elmo<\/p>\n<p><strong>Lend 59, 1986<\/strong><\/p>\n<p>Aliorg, Tiina<br \/>\nElmers, Eerik<br \/>\nJalakas, Maire<br \/>\nKaja, Heidi<br \/>\nKohava, Thomas<br \/>\nKuusemaa, Jaan<br \/>\nLaev, Ave<br \/>\nLobjakas, \u00dclle<br \/>\nLuik, Kalle<br \/>\nL\u00f5hmus, Angelika<br \/>\nNuut, Aadi<br \/>\nOrulepa, Magne<br \/>\nPaivel, Erika<br \/>\nPronina, Ivika<br \/>\nPuusepp, Margus<br \/>\nRaja, Eliko<br \/>\nReeder, T\u00f5nu<br \/>\nRistikivi, Ivar<br \/>\nSaviots, Jaanus<br \/>\nToomingas, Alar<br \/>\nTreuberg, Kalvi<\/p>\n<p><strong>Lend 60, 1987<\/strong><\/p>\n<p>Alpius, Ene<br \/>\nJ\u00e4rva, Raul<br \/>\nK\u00f5llamaa, Helle<br \/>\nLobjakas, Madis<br \/>\nNeerut, Annely<br \/>\nNelis, Eedi<br \/>\nPillpuu, Kulno<br \/>\nP\u00f5hako, Meelis<br \/>\nP\u00f5ldaru, Merike<br \/>\nP\u00f5ldaru, Margus<br \/>\nRistikivi, Kaie<br \/>\nSaviots, Merle<br \/>\nVaino, Imbi<br \/>\nViikmaa, Luule<\/p>\n","protected":false},"excerpt":{"rendered":"<p>Lend 51, 1978 Aas, M\u00e4rt Grossfeldt, Kalmar Ilusmets, Merike Kaja, Kaido Kasemaa, Malle Kessel, Maie N\u00f5upuu, Taimi Ojamaa, Eda Peensalu, Marju Peensalu, M\u00e4rt Peters, Raivo Pihelgas, Avo Pihelgas, Ulvi Raudkivi, Helmuth P\u00f5hako,K\u00fclli Vainu, Arvi Vister, Eve \u00d5uemaa, Arni Lend 52, 1979 Elism\u00e4e, Peep Kesk\u00fcla, Margit Kuusek\u00e4nd, Aivo Lehtmets, Kuido Leibur, Piret Lobjakas, Imbi Lobjakas, Ivar &hellip; <\/p>\n<p class=\"link-more\"><a href=\"https:\/\/vatlakool.ee\/?page_id=170\" class=\"more-link\">Continue reading<span class=\"screen-reader-text\"> &#8220;Lennud 51-60, 1978-1987&#8221;<\/span><\/a><\/p>\n","protected":false},"author":2,"featured_media":0,"parent":0,"menu_order":0,"comment_status":"closed","ping_status":"closed","template":"","meta":{"footnotes":""},"class_list":["post-170","page","type-page","status-publish","hentry"],"_links":{"self":[{"href":"https:\/\/vatlakool.ee\/index.php?rest_route=\/wp\/v2\/pages\/170","targetHints":{"allow":["GET"]}}],"collection":[{"href":"https:\/\/vatlakool.ee\/index.php?rest_route=\/wp\/v2\/pages"}],"about":[{"href":"https:\/\/vatlakool.ee\/index.php?rest_route=\/wp\/v2\/types\/page"}],"author":[{"embeddable":true,"href":"https:\/\/vatlakool.ee\/index.php?rest_route=\/wp\/v2\/users\/2"}],"replies":[{"embeddable":true,"href":"https:\/\/vatlakool.ee\/index.php?rest_route=%2Fwp%2Fv2%2Fcomments&post=170"}],"version-history":[{"count":3,"href":"https:\/\/vatlakool.ee\/index.php?rest_route=\/wp\/v2\/pages\/170\/revisions"}],"predecessor-version":[{"id":356,"href":"https:\/\/vatlakool.ee\/index.php?rest_route=\/wp\/v2\/pages\/170\/revisions\/356"}],"wp:attachment":[{"href":"https:\/\/vatlakool.ee\/index.php?rest_route=%2Fwp%2Fv2%2Fmedia&parent=170"}],"curies":[{"name":"wp","href":"https:\/\/api.w.org\/{rel}","templated":true}]}}