{"id":172,"date":"2018-12-04T18:21:22","date_gmt":"2018-12-04T16:21:22","guid":{"rendered":"https:\/\/vatlakool.ee\/?page_id=172"},"modified":"2023-05-31T17:20:59","modified_gmt":"2023-05-31T14:20:59","slug":"lennud-61-70-1988-1997","status":"publish","type":"page","link":"https:\/\/vatlakool.ee\/?page_id=172","title":{"rendered":"Lennud 61-70, 1988-1997"},"content":{"rendered":"<p><strong>Lend 61, 1988<\/strong><\/p>\n<p>Allikas, Ivar<br \/>\nKaptein, Ando<br \/>\nLaineste, Kristi<br \/>\nNellis, Kalmer<br \/>\nPinn, Innar<br \/>\nRahu, Marko<br \/>\nRistikivi, Aare<br \/>\nUdaltsova, Gina<br \/>\nVainu, Olavi<br \/>\nVestli, Toivo<\/p>\n<p><strong>Lend 62, 1989<\/strong><\/p>\n<p>Alpius, Heidi<br \/>\nAuv\u00e4\u00e4rt, Aleksander<br \/>\nBovoikin, Andrus<br \/>\nHeinmaa, Heiki<br \/>\nJevsejeva, Marina<br \/>\nKukk, Omar<br \/>\nKuusemaa, Janek<br \/>\nLaurim\u00e4e, Anti<br \/>\nLinn, Mait<br \/>\nM\u00e4e, Leila<br \/>\nNelis, Rain<br \/>\nOttis, An\u017eelika<br \/>\nP\u00f5hako, Peeter<br \/>\nRummel, J\u00fcri<br \/>\nSaviots, Maila<br \/>\nSchapel, Erik<br \/>\nUdaltsov, Urmas<\/p>\n<p><strong>Lend 63, 1990<\/strong><\/p>\n<p>Eljandi, Liina<br \/>\nKaptein, Veljo<br \/>\nKivinukk, Evelin<br \/>\nKoppel, Heidi<br \/>\nK\u00f5llamaa, Kalevi<br \/>\nK\u00f5llamaa, Kristiina<br \/>\nLaurim\u00e4e, Marju<br \/>\nLaurim\u00e4e, Veronika<br \/>\nOrulepa, Riho<br \/>\nPaju, M\u00e4rt<br \/>\nPeensalu, Tarvo<br \/>\nP\u00e4rnpuu, Jaak<br \/>\nRistikivi, Katrin<br \/>\nRohi, Vaido<br \/>\nSchapel, Veronika<br \/>\nViikmaa, Tarmo<br \/>\nVinter, Meelis<br \/>\nV\u00e4hk, Rene<br \/>\n\u00d5ismaa, Liina<br \/>\n\u00dclej\u00f5e, Vaiko<\/p>\n<p><strong>Lend 64, 1991<\/strong><\/p>\n<p>Allikas, Alar<br \/>\nAlpius, Janek<br \/>\nBulak, H\u00e4rri<br \/>\nKovalt\u0161uk, Karmen<br \/>\nNellis, Kairi<br \/>\nRummel, Aino<br \/>\nVinter, Marika<br \/>\n\u00d5ismets, Aivo<\/p>\n<p><strong>Lend 65, 1992<\/strong><\/p>\n<p>Alpius, Arne<br \/>\nBovoikin, Astrid<br \/>\nKohava, Hannes<br \/>\nKruusoja, Eve-Lii<br \/>\nKuhi, Margit<br \/>\nMetsa\u00e4\u00e4r, Ingrid<br \/>\nNiineorg, Viivika<br \/>\nNoormets, Ardo<br \/>\nP\u00e4rnpuu, Eda<br \/>\nRaidmets, Kadri<br \/>\nUdaltsova, Mariana<br \/>\nV\u00e4hk, Janek<\/p>\n<p><strong>Lend 66, 1993<\/strong><\/p>\n<p>Bulak, Reelika<br \/>\nJevsejeva, Inga<br \/>\nKivinukk, Kaspar<br \/>\nKohava, Anneli<br \/>\nKolomainen, Argo<br \/>\nKondratjuk, Karol<br \/>\nKondratjuk, K\u00e4tlin<br \/>\nLobjakas, Merle<br \/>\nNellis, Ave<br \/>\nNiineorg, Marika<br \/>\nNoormets, Alar<br \/>\nSillat, Caspar<br \/>\nVakker, Ivo<\/p>\n<p><strong>Lend 67, 1994<\/strong><\/p>\n<p>Aavik, Anna<br \/>\nBrok, Rene<br \/>\nJ\u00e4rva, Raavo<br \/>\nKannel, Irmeli<br \/>\nKuhi, Merike<br \/>\nLobja, Ene<br \/>\nNellis, Anu<br \/>\nOrulepa, Kaupo<br \/>\nReeder, Tiina<br \/>\nRistikivi, Riina<br \/>\nRistikivi, Age<br \/>\nRohi, Indrek<br \/>\nValgenberg, Raivo<br \/>\nAlberg, Marko<br \/>\nP\u00e4rnpuu, Indrek<\/p>\n<p><strong>Lend 68, 1995<\/strong><\/p>\n<p>L\u00e4\u00e4ts, Levi<br \/>\nM\u00e4nnilaan, Eda<br \/>\nOrulepa, Ott<br \/>\nPert, Annika<br \/>\nSoosar, Janno<br \/>\nStopkin, Marek<br \/>\n\u00d5ismaa, Tiina<\/p>\n<p><strong>Lend 69, 1996<\/strong><\/p>\n<p>Brok, Peeter<br \/>\nEljandi, Aivar<br \/>\nKaasik, Indrek<br \/>\nKepp, Sirli<br \/>\nKruusoja, Viivika<br \/>\nL\u00e4\u00e4ts, Kadi<br \/>\nMets, Kadi<br \/>\nM\u00e4e, Signe<br \/>\nM\u00e4rk, Oliver<br \/>\nP\u00e4rnpuu, Priit<br \/>\nP\u00e4rnpuu, Signe<br \/>\nVare, Herkki<br \/>\nVare, Triin<\/p>\n<p><strong>Lend 70, 1997<\/strong><\/p>\n<p>Kaasik, Raimond<br \/>\nLobja, Alev<br \/>\nLaev, Imre<br \/>\nM\u00e4nnilaan, Eerik<br \/>\nS\u00e4de, Valmer<\/p>\n","protected":false},"excerpt":{"rendered":"<p>Lend 61, 1988 Allikas, Ivar Kaptein, Ando Laineste, Kristi Nellis, Kalmer Pinn, Innar Rahu, Marko Ristikivi, Aare Udaltsova, Gina Vainu, Olavi Vestli, Toivo Lend 62, 1989 Alpius, Heidi Auv\u00e4\u00e4rt, Aleksander Bovoikin, Andrus Heinmaa, Heiki Jevsejeva, Marina Kukk, Omar Kuusemaa, Janek Laurim\u00e4e, Anti Linn, Mait M\u00e4e, Leila Nelis, Rain Ottis, An\u017eelika P\u00f5hako, Peeter Rummel, J\u00fcri Saviots, &hellip; <\/p>\n<p class=\"link-more\"><a href=\"https:\/\/vatlakool.ee\/?page_id=172\" class=\"more-link\">Continue reading<span class=\"screen-reader-text\"> &#8220;Lennud 61-70, 1988-1997&#8221;<\/span><\/a><\/p>\n","protected":false},"author":2,"featured_media":0,"parent":0,"menu_order":0,"comment_status":"closed","ping_status":"closed","template":"","meta":{"footnotes":""},"class_list":["post-172","page","type-page","status-publish","hentry"],"_links":{"self":[{"href":"https:\/\/vatlakool.ee\/index.php?rest_route=\/wp\/v2\/pages\/172","targetHints":{"allow":["GET"]}}],"collection":[{"href":"https:\/\/vatlakool.ee\/index.php?rest_route=\/wp\/v2\/pages"}],"about":[{"href":"https:\/\/vatlakool.ee\/index.php?rest_route=\/wp\/v2\/types\/page"}],"author":[{"embeddable":true,"href":"https:\/\/vatlakool.ee\/index.php?rest_route=\/wp\/v2\/users\/2"}],"replies":[{"embeddable":true,"href":"https:\/\/vatlakool.ee\/index.php?rest_route=%2Fwp%2Fv2%2Fcomments&post=172"}],"version-history":[{"count":3,"href":"https:\/\/vatlakool.ee\/index.php?rest_route=\/wp\/v2\/pages\/172\/revisions"}],"predecessor-version":[{"id":399,"href":"https:\/\/vatlakool.ee\/index.php?rest_route=\/wp\/v2\/pages\/172\/revisions\/399"}],"wp:attachment":[{"href":"https:\/\/vatlakool.ee\/index.php?rest_route=%2Fwp%2Fv2%2Fmedia&parent=172"}],"curies":[{"name":"wp","href":"https:\/\/api.w.org\/{rel}","templated":true}]}}