{"id":181,"date":"2018-12-04T18:25:31","date_gmt":"2018-12-04T16:25:31","guid":{"rendered":"https:\/\/vatlakool.ee\/?page_id=181"},"modified":"2018-12-04T19:15:01","modified_gmt":"2018-12-04T17:15:01","slug":"lennud-81-89-2008-2017","status":"publish","type":"page","link":"https:\/\/vatlakool.ee\/?page_id=181","title":{"rendered":"Lennud 81-89, 2008-2017"},"content":{"rendered":"<p><em><strong>2008. aastal l\u00f5petajaid ei olnud<\/strong><\/em><\/p>\n<p><strong>Lend 81, 2009<\/strong><\/p>\n<p>Kaisel, Karl<br \/>\nLaurits, Heino<\/p>\n<p><strong>Lend 82, 2010<\/strong><\/p>\n<p>Saviots, Kertu<\/p>\n<p><strong>Lend 83, 2011<\/strong><\/p>\n<p>P\u00f5hako, Romet<br \/>\nVestli, Toomas<\/p>\n<p><strong>Lend 84, 2012<\/strong><\/p>\n<p>Kaisel, \u00dclo Siim<br \/>\nKontratjuk, Deanne<br \/>\nOja, Simon<br \/>\nRummel, Joel<br \/>\nSaluste, Marete<br \/>\nSaviots, Karin<br \/>\nVainu, Anu<br \/>\nVestli, Janely<br \/>\n\u00d5ismets, Aaro<\/p>\n<p><strong>Lend 85, 2013<\/strong><\/p>\n<p>Vaino, Kristel<\/p>\n<p><strong>Lend 86, 2014<\/strong><\/p>\n<p>Peegel, Erika<br \/>\nNessel, Alice<br \/>\nValk, Rando<\/p>\n<p><strong>Lend 87, 2015<\/strong><\/p>\n<p>L\u00e4\u00e4ts, Sten<br \/>\nRistikivi, Kerli<br \/>\nRummel, Allex<\/p>\n<p><strong>Lend 88, 2016<\/strong><\/p>\n<p>Fabritsi, Rando<br \/>\nPopova, Ksenija<br \/>\n\u00d5ismets, Trinity<\/p>\n<p><strong>Lend 89, 2017 <em>Kool suletakse, l\u00f5petavad k\u00f5ik klassid<\/em><\/strong><\/p>\n<p>M\u00fc\u00fcr, Estin<br \/>\nP\u00f5hako, Astrid<br \/>\nP\u00f5hako, Marleen<\/p>\n<p><strong>5. klassi l\u00f5petaja<\/strong><\/p>\n<p>Nelis, Ardo<\/p>\n<p><strong>4. klassi l\u00f5petaja<\/strong><\/p>\n<p>L\u00e4\u00e4ts, Kendra<\/p>\n<p><strong>3. klassi l\u00f5petajad<\/strong><\/p>\n<p>Ristikivi, Keiro<br \/>\nRummel, Hugo Jan<\/p>\n<p><strong>2. klassi l\u00f5petaja<\/strong><\/p>\n<p>J\u00e4rva, Pirgit<\/p>\n<p><strong>1. klassi l\u00f5petajad<\/strong><\/p>\n<p>L\u00e4\u00e4ts, Andra<br \/>\nVaino, Lineth<\/p>\n","protected":false},"excerpt":{"rendered":"<p>2008. aastal l\u00f5petajaid ei olnud Lend 81, 2009 Kaisel, Karl Laurits, Heino Lend 82, 2010 Saviots, Kertu Lend 83, 2011 P\u00f5hako, Romet Vestli, Toomas Lend 84, 2012 Kaisel, \u00dclo Siim Kontratjuk, Deanne Oja, Simon Rummel, Joel Saluste, Marete Saviots, Karin Vainu, Anu Vestli, Janely \u00d5ismets, Aaro Lend 85, 2013 Vaino, Kristel Lend 86, 2014 Peegel, &hellip; <\/p>\n<p class=\"link-more\"><a href=\"https:\/\/vatlakool.ee\/?page_id=181\" class=\"more-link\">Continue reading<span class=\"screen-reader-text\"> &#8220;Lennud 81-89, 2008-2017&#8221;<\/span><\/a><\/p>\n","protected":false},"author":2,"featured_media":0,"parent":0,"menu_order":0,"comment_status":"closed","ping_status":"closed","template":"","meta":{"footnotes":""},"class_list":["post-181","page","type-page","status-publish","hentry"],"_links":{"self":[{"href":"https:\/\/vatlakool.ee\/index.php?rest_route=\/wp\/v2\/pages\/181","targetHints":{"allow":["GET"]}}],"collection":[{"href":"https:\/\/vatlakool.ee\/index.php?rest_route=\/wp\/v2\/pages"}],"about":[{"href":"https:\/\/vatlakool.ee\/index.php?rest_route=\/wp\/v2\/types\/page"}],"author":[{"embeddable":true,"href":"https:\/\/vatlakool.ee\/index.php?rest_route=\/wp\/v2\/users\/2"}],"replies":[{"embeddable":true,"href":"https:\/\/vatlakool.ee\/index.php?rest_route=%2Fwp%2Fv2%2Fcomments&post=181"}],"version-history":[{"count":3,"href":"https:\/\/vatlakool.ee\/index.php?rest_route=\/wp\/v2\/pages\/181\/revisions"}],"predecessor-version":[{"id":198,"href":"https:\/\/vatlakool.ee\/index.php?rest_route=\/wp\/v2\/pages\/181\/revisions\/198"}],"wp:attachment":[{"href":"https:\/\/vatlakool.ee\/index.php?rest_route=%2Fwp%2Fv2%2Fmedia&parent=181"}],"curies":[{"name":"wp","href":"https:\/\/api.w.org\/{rel}","templated":true}]}}