{"id":66,"date":"2018-12-04T14:27:27","date_gmt":"2018-12-04T12:27:27","guid":{"rendered":"https:\/\/vatlakool.ee\/?page_id=66"},"modified":"2018-12-04T16:37:08","modified_gmt":"2018-12-04T14:37:08","slug":"lend-1","status":"publish","type":"page","link":"https:\/\/vatlakool.ee\/?page_id=66","title":{"rendered":"Lennud 1-10, 1926-1935"},"content":{"rendered":"<p><strong>Lend 1, 1926<\/strong><\/p>\n<p>Allmann, Jaan<br \/>\nKaru, Salme<br \/>\nLiivam\u00e4gi, Iida<br \/>\nTilling, Leida<br \/>\nTruumann, Arnold<br \/>\nVillemson, Karl<\/p>\n<p><strong>Lend 2, 1927<\/strong><\/p>\n<p>Kruus, August<br \/>\nKuusik, Artur<br \/>\nOksbusch, Voldemar<br \/>\nP\u00e4rnpuu, Salme<br \/>\nTreumann, Johannes<br \/>\nValsberg, Maie<\/p>\n<p><strong>Lend 3, 1928<\/strong><\/p>\n<p>Kreek, Priidu<br \/>\nL\u00fcllmann, Karl<br \/>\nPang, Johannes<br \/>\nP\u00e4rnpuu, Jaan<br \/>\nValsberg, Marie<\/p>\n<p><strong>Lend 4, 1929<\/strong><\/p>\n<p>Keller, Elisabeth<br \/>\nKuimann, Jaan<br \/>\nMets, Joann<br \/>\nOts, Adeele<br \/>\nP\u00e4rdijak, Hilda<\/p>\n<p><strong>Lend 5, 1930<\/strong><\/p>\n<p>Braun\u0161veig, Karl<br \/>\nKeimann, Arnold<br \/>\nKukk, Theodor<br \/>\nKuulmann, Alice<br \/>\nLiiv, Valentine<br \/>\nLiivam\u00e4gi, Karla<br \/>\nLobjakas, Osvald<br \/>\nP\u00e4rnpuu, Linda<br \/>\nRaudberg, Salme<br \/>\nRohukots, Ludmilla<br \/>\nRoomann, Aliide<br \/>\nVirumann, Linda<\/p>\n<p><strong>Lend 6, 1931<\/strong><\/p>\n<p>Adler, Ida<br \/>\nAlasi, Sinaida<br \/>\nHein, Ermolai<br \/>\nKallas, Mihkel<br \/>\nKuimann, Emilie<br \/>\nL\u00f5o, Ludmilla<br \/>\nMaur, Martin<br \/>\nRistikivi, Aleksander<br \/>\nSiimson, Johannes<br \/>\nTruumann (Treumann), Aleksander<br \/>\nValsberg, Marie<br \/>\nVapper, Herman<br \/>\nVeltmann, Anna<br \/>\nViikberg, Elviine<\/p>\n<p><strong>Lend 7, 1932<\/strong><\/p>\n<p>B\u00fcttner, Elfriede<br \/>\nJ\u00fcrgens, Anton<br \/>\nKadakas, Elena<br \/>\nKuiman, Aleksander<br \/>\nLaev, Karl<br \/>\nLepp, Hilda<br \/>\nMarks, Karl<br \/>\nOts, Alfred<br \/>\nP\u00e4rnpuu, Ella<br \/>\nRaudberg, Arnold<br \/>\nRebane, Edith Herta Anna<br \/>\nRuuskop, Elisaveta<br \/>\nSipp, Raissa (Kangur, Rosalie)<br \/>\nSoontak, Linda<br \/>\nTreumann, Karl (Truumann)<br \/>\nWalt, Efrossinia<br \/>\nVetterberg, Aleksander (Velterberg)<\/p>\n<p><strong>Lend 8, 1933<\/strong><\/p>\n<p>Alman, Leida<br \/>\nAlmann, August<br \/>\nAnsmann, Johanna-Astra<br \/>\nEllerberg, Leida Lovise<br \/>\nHelmdorf, Aleksander<br \/>\nIlves, Hudo<br \/>\nKuulmann, Leida<br \/>\nL\u00e4mmergas, Aliide-Marie<br \/>\nRoosipuu, Augustin<br \/>\nRoosipuu, Lidia<br \/>\nViikberg, Voldemar<br \/>\nViita, Elisabeth (Elisaveta)<\/p>\n<p><strong>Lend 9, 1934<\/strong><\/p>\n<p>Helmdorf, Johannes<br \/>\nJungermann, Bodo<br \/>\nKreim, Leida<br \/>\nKuimann, Aleksander<br \/>\nKuimann, Alide<br \/>\nK\u00f6\u00f6sel, Friedrich<br \/>\nLaev, Anna<br \/>\nMelser, Ella<br \/>\nRaudkivi, Friedrich<br \/>\nRohukots, Ferdinand<br \/>\nRoosipuu, Salme<br \/>\nSoontak, Salme<br \/>\nTomingas, Hilda<br \/>\nTreublut, Linda<br \/>\nTurmann (Tuur), Elfriede<br \/>\nTurmann, Hans Voldemar<br \/>\nT\u00e4ht, Amanda<br \/>\nVeltson, Aleksander<br \/>\n\u00d5ismann, Arnold<\/p>\n<p><strong>Lend 10, 1935<\/strong><\/p>\n<p>Brandt, Linda<br \/>\nHein, Meeta<br \/>\nKeller, Emilia<br \/>\nKukk, Oskar<br \/>\nKuulmann, Herta<br \/>\nMarkus, Eduard<br \/>\nNee, Georg<br \/>\nRaudkivi, Alfred<br \/>\nRaudkivi, Hilma<br \/>\nReeder, Maria<br \/>\nRohi, Arnold<br \/>\nTurmann (Rahu), Paul<br \/>\nVaher, Hilda<br \/>\n\u00d5ismaa, Karl<\/p>\n<p>&nbsp;<\/p>\n","protected":false},"excerpt":{"rendered":"<p>Lend 1, 1926 Allmann, Jaan Karu, Salme Liivam\u00e4gi, Iida Tilling, Leida Truumann, Arnold Villemson, Karl Lend 2, 1927 Kruus, August Kuusik, Artur Oksbusch, Voldemar P\u00e4rnpuu, Salme Treumann, Johannes Valsberg, Maie Lend 3, 1928 Kreek, Priidu L\u00fcllmann, Karl Pang, Johannes P\u00e4rnpuu, Jaan Valsberg, Marie Lend 4, 1929 Keller, Elisabeth Kuimann, Jaan Mets, Joann Ots, Adeele P\u00e4rdijak, &hellip; <\/p>\n<p class=\"link-more\"><a href=\"https:\/\/vatlakool.ee\/?page_id=66\" class=\"more-link\">Continue reading<span class=\"screen-reader-text\"> &#8220;Lennud 1-10, 1926-1935&#8221;<\/span><\/a><\/p>\n","protected":false},"author":2,"featured_media":0,"parent":0,"menu_order":0,"comment_status":"closed","ping_status":"closed","template":"","meta":{"footnotes":""},"class_list":["post-66","page","type-page","status-publish","hentry"],"_links":{"self":[{"href":"https:\/\/vatlakool.ee\/index.php?rest_route=\/wp\/v2\/pages\/66","targetHints":{"allow":["GET"]}}],"collection":[{"href":"https:\/\/vatlakool.ee\/index.php?rest_route=\/wp\/v2\/pages"}],"about":[{"href":"https:\/\/vatlakool.ee\/index.php?rest_route=\/wp\/v2\/types\/page"}],"author":[{"embeddable":true,"href":"https:\/\/vatlakool.ee\/index.php?rest_route=\/wp\/v2\/users\/2"}],"replies":[{"embeddable":true,"href":"https:\/\/vatlakool.ee\/index.php?rest_route=%2Fwp%2Fv2%2Fcomments&post=66"}],"version-history":[{"count":5,"href":"https:\/\/vatlakool.ee\/index.php?rest_route=\/wp\/v2\/pages\/66\/revisions"}],"predecessor-version":[{"id":154,"href":"https:\/\/vatlakool.ee\/index.php?rest_route=\/wp\/v2\/pages\/66\/revisions\/154"}],"wp:attachment":[{"href":"https:\/\/vatlakool.ee\/index.php?rest_route=%2Fwp%2Fv2%2Fmedia&parent=66"}],"curies":[{"name":"wp","href":"https:\/\/api.w.org\/{rel}","templated":true}]}}